{"id":14792,"date":"2026-04-27T19:03:11","date_gmt":"2026-04-27T19:03:11","guid":{"rendered":"https:\/\/superfinancial.co.uk\/data-protection-policy\/"},"modified":"2026-04-27T19:28:16","modified_gmt":"2026-04-27T19:28:16","slug":"data-protection-policy","status":"publish","type":"page","link":"https:\/\/superfinancial.co.uk\/ro\/data-protection-policy\/","title":{"rendered":"Politica de protec\u021bie a datelor"},"content":{"rendered":"\t\t<div data-elementor-type=\"wp-page\" data-elementor-id=\"14792\" class=\"elementor elementor-14792 elementor-14788\" data-elementor-post-type=\"page\">\n\t\t\t\t<div class=\"elementor-element elementor-element-9a82ab2 e-con-full e-flex e-con e-parent\" data-id=\"9a82ab2\" data-element_type=\"container\" data-settings=\"{&quot;background_background&quot;:&quot;classic&quot;}\">\n\t\t\t\t<div class=\"elementor-element elementor-element-5ffbd4e elementor-invisible elementor-widget elementor-widget-heading\" data-id=\"5ffbd4e\" data-element_type=\"widget\" data-settings=\"{&quot;_animation&quot;:&quot;fadeInUp&quot;,&quot;_animation_delay&quot;:180}\" data-widget_type=\"heading.default\">\n\t\t\t\t\t<h2 class=\"elementor-heading-title elementor-size-default\">Politica de protec\u021bie a datelor<\/h2>\t\t\t\t<\/div>\n\t\t<div class=\"elementor-element elementor-element-07e940f e-flex e-con-boxed e-con e-child\" data-id=\"07e940f\" data-element_type=\"container\">\n\t\t\t\t\t<div class=\"e-con-inner\">\n\t\t\t\t<div class=\"elementor-element elementor-element-d441ac6 elementor-widget__width-auto elementor-icon-list--layout-inline elementor-align-center elementor-list-item-link-full_width elementor-widget elementor-widget-icon-list\" data-id=\"d441ac6\" data-element_type=\"widget\" data-widget_type=\"icon-list.default\">\n\t\t\t\t\t\t\t<ul class=\"elementor-icon-list-items elementor-inline-items\">\n\t\t\t\t\t\t\t<li class=\"elementor-icon-list-item elementor-inline-item\">\n\t\t\t\t\t\t\t\t\t\t\t<a href=\"https:\/\/superfinancial.co.uk\/ro\/\">\n\n\t\t\t\t\t\t\t\t\t\t\t<span class=\"elementor-icon-list-text\">Acas\u0103<\/span>\n\t\t\t\t\t\t\t\t\t\t\t<\/a>\n\t\t\t\t\t\t\t\t\t<\/li>\n\t\t\t\t\t\t\t\t<li class=\"elementor-icon-list-item elementor-inline-item\">\n\t\t\t\t\t\t\t\t\t\t<span class=\"elementor-icon-list-text\">-<\/span>\n\t\t\t\t\t\t\t\t\t<\/li>\n\t\t\t\t\t\t\t\t<li class=\"elementor-icon-list-item elementor-inline-item\">\n\t\t\t\t\t\t\t\t\t\t<span class=\"elementor-icon-list-text\">Politica de protec\u021bie a datelor<\/span>\n\t\t\t\t\t\t\t\t\t<\/li>\n\t\t\t\t\t\t<\/ul>\n\t\t\t\t\t\t<\/div>\n\t\t\t\t\t<\/div>\n\t\t\t\t<\/div>\n\t\t\t\t<\/div>\n\t\t<div class=\"elementor-element elementor-element-5fd1dd0 e-flex e-con-boxed e-con e-parent\" data-id=\"5fd1dd0\" data-element_type=\"container\">\n\t\t\t\t\t<div class=\"e-con-inner\">\n\t\t\t\t<div class=\"elementor-element elementor-element-722766d elementor-widget elementor-widget-text-editor\" data-id=\"722766d\" data-element_type=\"widget\" data-widget_type=\"text-editor.default\">\n\t\t\t\t\t\t\t\t\t<p>Orice date cu caracter personal primite de la dumneavoastr\u0103 pentru a ne \u00eendeplini obliga\u021biile \u00een temeiul Regulamentului privind sp\u0103larea banilor, finan\u021barea terorismului \u0219i transferul de fonduri (informa\u021bii privind pl\u0103titorul) din 2017 (MLR 2017) vor fi prelucrate numai \u00een scopul prevenirii sp\u0103l\u0103rii banilor sau finan\u021b\u0103rii terorismului. Nu se va face nicio alt\u0103 utilizare a acestor date cu caracter personal, cu excep\u021bia cazului \u00een care utilizarea datelor este permis\u0103 de sau \u00een temeiul unui act legislativ, altul dec\u00e2t MLR 2017, sau dac\u0103 am ob\u021binut consim\u021b\u0103m\u00e2ntul persoanei vizate cu privire la utilizarea propus\u0103 a datelor. <\/p>\t\t\t\t\t\t\t\t<\/div>\n\t\t\t\t\t<\/div>\n\t\t\t\t<\/div>\n\t\t\t\t<\/div>\n\t\t","protected":false},"excerpt":{"rendered":"<p>Politica de protec\u021bie a datelor Acas\u0103 &#8211; Politica de protec\u021bie a datelor Orice date cu caracter personal primite de la dumneavoastr\u0103 pentru a ne \u00eendeplini obliga\u021biile \u00een temeiul Regulamentului privind sp\u0103larea banilor, finan\u021barea terorismului \u0219i transferul de fonduri (informa\u021bii privind pl\u0103titorul) din 2017 (MLR 2017) vor fi prelucrate numai \u00een scopul prevenirii sp\u0103l\u0103rii banilor sau [&hellip;]<\/p>\n","protected":false},"author":1,"featured_media":0,"parent":0,"menu_order":0,"comment_status":"closed","ping_status":"closed","template":"","meta":{"footnotes":""},"class_list":["post-14792","page","type-page","status-publish","hentry"],"_links":{"self":[{"href":"https:\/\/superfinancial.co.uk\/ro\/wp-json\/wp\/v2\/pages\/14792","targetHints":{"allow":["GET"]}}],"collection":[{"href":"https:\/\/superfinancial.co.uk\/ro\/wp-json\/wp\/v2\/pages"}],"about":[{"href":"https:\/\/superfinancial.co.uk\/ro\/wp-json\/wp\/v2\/types\/page"}],"author":[{"embeddable":true,"href":"https:\/\/superfinancial.co.uk\/ro\/wp-json\/wp\/v2\/users\/1"}],"replies":[{"embeddable":true,"href":"https:\/\/superfinancial.co.uk\/ro\/wp-json\/wp\/v2\/comments?post=14792"}],"version-history":[{"count":3,"href":"https:\/\/superfinancial.co.uk\/ro\/wp-json\/wp\/v2\/pages\/14792\/revisions"}],"predecessor-version":[{"id":14807,"href":"https:\/\/superfinancial.co.uk\/ro\/wp-json\/wp\/v2\/pages\/14792\/revisions\/14807"}],"wp:attachment":[{"href":"https:\/\/superfinancial.co.uk\/ro\/wp-json\/wp\/v2\/media?parent=14792"}],"curies":[{"name":"wp","href":"https:\/\/api.w.org\/{rel}","templated":true}]}}