{"id":6267,"date":"2025-12-29T09:57:28","date_gmt":"2025-12-29T09:57:28","guid":{"rendered":"https:\/\/superfinancial.buzzintechhub.com\/rezervare\/"},"modified":"2026-01-13T09:31:07","modified_gmt":"2026-01-13T09:31:07","slug":"rezervare","status":"publish","type":"page","link":"https:\/\/superfinancial.co.uk\/ro\/rezervare\/","title":{"rendered":"Rezervare"},"content":{"rendered":"\t\t<div data-elementor-type=\"wp-page\" data-elementor-id=\"6267\" class=\"elementor elementor-6267 elementor-5810\" data-elementor-post-type=\"page\">\n\t\t\t\t<div class=\"elementor-element elementor-element-86a8fe5 e-con-full e-flex e-con e-parent\" data-id=\"86a8fe5\" data-element_type=\"container\" data-settings=\"{&quot;background_background&quot;:&quot;classic&quot;}\">\n\t\t\t\t<div class=\"elementor-element elementor-element-b43fade elementor-invisible elementor-widget elementor-widget-heading\" data-id=\"b43fade\" data-element_type=\"widget\" data-settings=\"{&quot;_animation&quot;:&quot;fadeInUp&quot;,&quot;_animation_delay&quot;:180}\" data-widget_type=\"heading.default\">\n\t\t\t\t\t<h2 class=\"elementor-heading-title elementor-size-default\">Face\u021bi o programare<\/h2>\t\t\t\t<\/div>\n\t\t<div class=\"elementor-element elementor-element-274610a e-flex e-con-boxed e-con e-child\" data-id=\"274610a\" data-element_type=\"container\">\n\t\t\t\t\t<div class=\"e-con-inner\">\n\t\t\t\t<div class=\"elementor-element elementor-element-ef5c3cf elementor-widget__width-auto elementor-icon-list--layout-inline elementor-align-center elementor-list-item-link-full_width elementor-widget elementor-widget-icon-list\" data-id=\"ef5c3cf\" data-element_type=\"widget\" data-widget_type=\"icon-list.default\">\n\t\t\t\t\t\t\t<ul class=\"elementor-icon-list-items elementor-inline-items\">\n\t\t\t\t\t\t\t<li class=\"elementor-icon-list-item elementor-inline-item\">\n\t\t\t\t\t\t\t\t\t\t\t<a href=\"https:\/\/superfinancial.co.uk\/ro\/\">\n\n\t\t\t\t\t\t\t\t\t\t\t<span class=\"elementor-icon-list-text\">Acas\u0103<\/span>\n\t\t\t\t\t\t\t\t\t\t\t<\/a>\n\t\t\t\t\t\t\t\t\t<\/li>\n\t\t\t\t\t\t\t\t<li class=\"elementor-icon-list-item elementor-inline-item\">\n\t\t\t\t\t\t\t\t\t\t<span class=\"elementor-icon-list-text\">-<\/span>\n\t\t\t\t\t\t\t\t\t<\/li>\n\t\t\t\t\t\t\t\t<li class=\"elementor-icon-list-item elementor-inline-item\">\n\t\t\t\t\t\t\t\t\t\t<span class=\"elementor-icon-list-text\"><\/span>\n\t\t\t\t\t\t\t\t\t<\/li>\n\t\t\t\t\t\t<\/ul>\n\t\t\t\t\t\t<\/div>\n\t\t\t\t\t<\/div>\n\t\t\t\t<\/div>\n\t\t\t\t<\/div>\n\t\t<div class=\"elementor-element elementor-element-b5ebc21 sf-stick-col e-flex e-con-boxed e-con e-child\" data-id=\"b5ebc21\" data-element_type=\"container\">\n\t\t\t\t\t<div class=\"e-con-inner\">\n\t\t<div class=\"elementor-element elementor-element-08fb910 e-con-full e-flex e-con e-child\" data-id=\"08fb910\" data-element_type=\"container\" data-settings=\"{&quot;background_background&quot;:&quot;classic&quot;}\">\n\t\t<div class=\"elementor-element elementor-element-b1b95e1 e-con-full e-flex elementor-invisible e-con e-child\" data-id=\"b1b95e1\" data-element_type=\"container\" data-settings=\"{&quot;animation&quot;:&quot;fadeInUp&quot;,&quot;animation_delay&quot;:150}\">\n\t\t\t\t<div class=\"elementor-element elementor-element-5745bbd animated-slow elementor-invisible elementor-widget elementor-widget-heading\" data-id=\"5745bbd\" data-element_type=\"widget\" data-settings=\"{&quot;_animation&quot;:&quot;fadeInLeft&quot;}\" data-widget_type=\"heading.default\">\n\t\t\t\t\t<h2 class=\"elementor-heading-title elementor-size-default\">Face\u021bi o <span class=\"highlight\">programare<\/span><\/h2>\t\t\t\t<\/div>\n\t\t\t\t<div class=\"elementor-element elementor-element-372ab1a elementor-widget elementor-widget-text-editor\" data-id=\"372ab1a\" data-element_type=\"widget\" data-widget_type=\"text-editor.default\">\n\t\t\t\t\t\t\t\t\t<p>Dac\u0103 ave\u021bi o \u00eentrebare sau ave\u021bi nevoie de ajutor pentru a utiliza serviciile noastre, anun\u021ba\u021bi-ne. Agen\u021bii no\u0219tri sunt rapizi \u0219i instrui\u021bi s\u0103 v\u0103 r\u0103spund\u0103 la \u00eentreb\u0103ri. <\/p>\t\t\t\t\t\t\t\t<\/div>\n\t\t\t\t<div class=\"elementor-element elementor-element-4337b24 career-form elementor-hidden-desktop elementor-hidden-tablet elementor-hidden-mobile elementor-button-align-stretch elementor-widget elementor-widget-form\" data-id=\"4337b24\" data-element_type=\"widget\" data-settings=\"{&quot;step_next_label&quot;:&quot;Urm\\u0103torul&quot;,&quot;step_previous_label&quot;:&quot;Anterior&quot;,&quot;button_width&quot;:&quot;100&quot;,&quot;step_type&quot;:&quot;number_text&quot;,&quot;step_icon_shape&quot;:&quot;circle&quot;}\" data-widget_type=\"form.default\">\n\t\t\t\t\t\t\t<form class=\"elementor-form\" method=\"post\" name=\"Formular nou\" aria-label=\"Formular nou\">\n\t\t\t<input type=\"hidden\" name=\"post_id\" value=\"6267\"\/>\n\t\t\t<input type=\"hidden\" name=\"form_id\" value=\"4337b24\"\/>\n\t\t\t<input type=\"hidden\" name=\"referer_title\" value=\"Rezervare\" \/>\n\n\t\t\t\t\t\t\t<input type=\"hidden\" name=\"queried_id\" value=\"6267\"\/>\n\t\t\t\n\t\t\t<div class=\"elementor-form-fields-wrapper elementor-labels-\">\n\t\t\t\t\t\t\t\t<div class=\"elementor-field-type-text elementor-field-group elementor-column elementor-field-group-name elementor-col-100 elementor-field-required\">\n\t\t\t\t\t\t\t\t\t\t\t\t<label for=\"form-field-name\" class=\"elementor-field-label elementor-screen-only\">\n\t\t\t\t\t\t\t\tNume\t\t\t\t\t\t\t<\/label>\n\t\t\t\t\t\t\t\t\t\t\t\t\t\t<input size=\"1\" type=\"text\" name=\"form_fields[name]\" id=\"form-field-name\" class=\"elementor-field elementor-size-md  elementor-field-textual\" placeholder=\"Nume\" required=\"required\">\n\t\t\t\t\t\t\t\t\t\t\t<\/div>\n\t\t\t\t\t\t\t\t<div class=\"elementor-field-type-tel elementor-field-group elementor-column elementor-field-group-field_c9d9edf elementor-col-100 elementor-field-required\">\n\t\t\t\t\t\t\t<input size=\"1\" type=\"tel\" name=\"form_fields[field_c9d9edf]\" id=\"form-field-field_c9d9edf\" class=\"elementor-field elementor-size-md  elementor-field-textual\" placeholder=\"Num\u0103r de telefon\" required=\"required\" pattern=\"[0-9()#&amp;+*-=.]+\" title=\"Only numbers and phone characters (#, -, *, etc) are accepted.\">\n\n\t\t\t\t\t\t<\/div>\n\t\t\t\t\t\t\t\t<div class=\"elementor-field-type-email elementor-field-group elementor-column elementor-field-group-email elementor-col-100 elementor-field-required\">\n\t\t\t\t\t\t\t\t\t\t\t\t<label for=\"form-field-email\" class=\"elementor-field-label elementor-screen-only\">\n\t\t\t\t\t\t\t\te-mail\t\t\t\t\t\t\t<\/label>\n\t\t\t\t\t\t\t\t\t\t\t\t\t\t<input size=\"1\" type=\"email\" name=\"form_fields[email]\" id=\"form-field-email\" class=\"elementor-field elementor-size-md  elementor-field-textual\" placeholder=\"Adres\u0103 de e-mail\" required=\"required\">\n\t\t\t\t\t\t\t\t\t\t\t<\/div>\n\t\t\t\t\t\t\t\t<div class=\"elementor-field-type-textarea elementor-field-group elementor-column elementor-field-group-message elementor-col-100 elementor-field-required\">\n\t\t\t\t\t<textarea class=\"elementor-field-textual elementor-field  elementor-size-md\" name=\"form_fields[message]\" id=\"form-field-message\" rows=\"4\" placeholder=\"Ce dori\u021bi s\u0103 ne spune\u021bi?\" required=\"required\"><\/textarea>\t\t\t\t<\/div>\n\t\t\t\t\t\t\t\t<div class=\"elementor-field-group elementor-column elementor-field-type-submit elementor-col-100 e-form__buttons\">\n\t\t\t\t\t<button class=\"elementor-button elementor-size-sm\" type=\"submit\">\n\t\t\t\t\t\t<span class=\"elementor-button-content-wrapper\">\n\t\t\t\t\t\t\t\t\t\t\t\t\t\t\t\t\t\t\t\t\t\t<span class=\"elementor-button-text\">Trimite<\/span>\n\t\t\t\t\t\t\t\t\t\t\t\t\t<\/span>\n\t\t\t\t\t<\/button>\n\t\t\t\t<\/div>\n\t\t\t<\/div>\n\t\t<\/form>\n\t\t\t\t\t\t<\/div>\n\t\t\t\t<\/div>\n\t\t\t\t<div class=\"elementor-element elementor-element-434ede6 elementor-widget elementor-widget-formidable\" data-id=\"434ede6\" data-element_type=\"widget\" data-widget_type=\"formidable.default\">\n\t\t\t\t<div class=\"elementor-widget-container\">\n\t\t\t\t\t<div class=\"frm_forms  with_frm_style frm_style_formidable-style\" id=\"frm_form_29_container\" data-token=\"2f618a8def038ac557047a970f6020da\">\n<form enctype=\"multipart\/form-data\" method=\"post\" class=\"frm-show-form  frm_pro_form \" id=\"form_booking-form-location-wise\" data-token=\"2f618a8def038ac557047a970f6020da\">\n<div class=\"frm_form_fields \">\n<fieldset>\n<legend class=\"frm_screen_reader\">Booking Form Location wise<\/legend>\r\n\r\n<div class=\"frm_fields_container\">\n<input type=\"hidden\" name=\"frm_action\" value=\"create\" \/>\n<input type=\"hidden\" name=\"form_id\" value=\"29\" \/>\n<input type=\"hidden\" name=\"frm_hide_fields_29\" id=\"frm_hide_fields_29\" value=\"\" \/>\n<input type=\"hidden\" name=\"form_key\" value=\"booking-form-location-wise\" \/>\n<input type=\"hidden\" name=\"item_meta[0]\" value=\"\" \/>\n<input type=\"hidden\" id=\"frm_submit_entry_29\" name=\"frm_submit_entry_29\" value=\"c2c6e2762d\" \/><input type=\"hidden\" name=\"_wp_http_referer\" value=\"\/ro\/wp-json\/wp\/v2\/pages\/6267\" \/><div id=\"frm_field_300_container\" class=\"frm_form_field form-field  frm_required_field frm_top_container frm12 frm_first\">\r\n\t<label for=\"field_location_select\" id=\"field_location_select_label\" class=\"frm_primary_label\">Select The Location\r\n\t\t<span class=\"frm_required\" aria-hidden=\"true\">*<\/span>\r\n\t<\/label>\r\n\t\t\t<select name=\"item_meta[300]\" id=\"field_location_select\"  data-reqmsg=\"Select The Location cannot be blank.\" aria-required=\"true\" data-invmsg=\"Select The Location is invalid\" aria-invalid=\"false\"  >\n\t\t<option  value=\"\" selected='selected'>Select location<\/option><option  value=\"The Gherkin\">The Gherkin<\/option><option  value=\"Leyton\">Leyton<\/option><option  value=\"Burnt Oak\">Burnt Oak<\/option><option  value=\"Luton\">Luton<\/option><option  value=\"Northampton\">Northampton<\/option><option  value=\"Milton Keynes\">Milton Keynes<\/option><option  value=\"Dorset\">Dorset<\/option><option  value=\"Grays\">Grays<\/option><option  value=\"Ilford\">Ilford<\/option><option  value=\"birmingham\">birmingham<\/option>\t<\/select>\n\t\r\n\t\r\n\t\r\n<\/div>\n<div id=\"frm_field_309_container\" class=\"frm_form_field  frm_html_container form-field\">\n<p style=\"padding: 10px;\">Please select a location to view available appointment times.<\/p>\n<\/div>\n<div id=\"frm_field_303_container\" class=\"frm_form_field  frm_html_container form-field\"><!-- Calendly inline widget begin --><\/p>\n<div class=\"calendly-inline-widget\" style=\"min-width: 320px; height: 700px;\" data-url=\"https:\/\/calendly.com\/sflcalendly\/the-gherkin\"><\/div>\n<p><script type=\"text\/javascript\" src=\"https:\/\/assets.calendly.com\/assets\/external\/widget.js\" async><\/script><br \/>\n<!-- Calendly inline widget end --><\/div>\n<div id=\"frm_field_306_container\" class=\"frm_form_field  frm_html_container form-field\"><!-- Calendly inline widget begin --><\/p>\n<div class=\"calendly-inline-widget\" data-url=\"https:\/\/calendly.com\/sflcalendly\/new-meeting\" style=\"min-width:320px;height:700px;\"><\/div>\n<p><script type=\"text\/javascript\" src=\"https:\/\/assets.calendly.com\/assets\/external\/widget.js\" async><\/script><br \/>\n<!-- Calendly inline widget end --><\/div>\n<div id=\"frm_field_311_container\" class=\"frm_form_field  frm_html_container form-field\"><!-- Calendly inline widget begin --><\/p>\n<div class=\"calendly-inline-widget\" data-url=\"https:\/\/calendly.com\/sflcalendly\/burnt-oak\" style=\"min-width:320px;height:700px;\"><\/div>\n<p><script type=\"text\/javascript\" src=\"https:\/\/assets.calendly.com\/assets\/external\/widget.js\" async><\/script><br \/>\n<!-- Calendly inline widget end --><\/div>\n<div id=\"frm_field_315_container\" class=\"frm_form_field  frm_html_container form-field\"><!-- Calendly inline widget begin --><\/p>\n<div class=\"calendly-inline-widget\" data-url=\"https:\/\/calendly.com\/sflcalendly\/luton\" style=\"min-width:320px;height:700px;\"><\/div>\n<p><script type=\"text\/javascript\" src=\"https:\/\/assets.calendly.com\/assets\/external\/widget.js\" async><\/script><br \/>\n<!-- Calendly inline widget end --><\/div>\n<div id=\"frm_field_312_container\" class=\"frm_form_field  frm_html_container form-field\"><!-- Calendly inline widget begin --><\/p>\n<div class=\"calendly-inline-widget\" data-url=\"https:\/\/calendly.com\/sflcalendly\/northampton\" style=\"min-width:320px;height:700px;\"><\/div>\n<p><script type=\"text\/javascript\" src=\"https:\/\/assets.calendly.com\/assets\/external\/widget.js\" async><\/script><br \/>\n<!-- Calendly inline widget end --><\/div>\n<div id=\"frm_field_313_container\" class=\"frm_form_field  frm_html_container form-field\"><!-- Calendly inline widget begin --><\/p>\n<div class=\"calendly-inline-widget\" data-url=\"https:\/\/calendly.com\/sflcalendly\/milton-keynes\" style=\"min-width:320px;height:700px;\"><\/div>\n<p><script type=\"text\/javascript\" src=\"https:\/\/assets.calendly.com\/assets\/external\/widget.js\" async><\/script><br \/>\n<!-- Calendly inline widget end --><\/div>\n<div id=\"frm_field_310_container\" class=\"frm_form_field  frm_html_container form-field\"><!-- Calendly inline widget begin --><\/p>\n<div class=\"calendly-inline-widget\" data-url=\"https:\/\/calendly.com\/sflcalendly\/dorset\" style=\"min-width:320px;height:700px;\"><\/div>\n<p><script type=\"text\/javascript\" src=\"https:\/\/assets.calendly.com\/assets\/external\/widget.js\" async><\/script><br \/>\n<!-- Calendly inline widget end --><\/div>\n<div id=\"frm_field_307_container\" class=\"frm_form_field  frm_html_container form-field\"><!-- Calendly inline widget begin --><\/p>\n<div class=\"calendly-inline-widget\" data-url=\"https:\/\/calendly.com\/sflcalendly\/grays\" style=\"min-width:320px;height:700px;\"><\/div>\n<p><script type=\"text\/javascript\" src=\"https:\/\/assets.calendly.com\/assets\/external\/widget.js\" async><\/script><br \/>\n<!-- Calendly inline widget end --><\/div>\n<div id=\"frm_field_316_container\" class=\"frm_form_field  frm_html_container form-field\"><!-- Calendly inline widget begin --><\/p>\n<div class=\"calendly-inline-widget\" data-url=\"https:\/\/calendly.com\/sflcalendly\/ilford\" style=\"min-width:320px;height:700px;\"><\/div>\n<p><script type=\"text\/javascript\" src=\"https:\/\/assets.calendly.com\/assets\/external\/widget.js\" async><\/script><br \/>\n<!-- Calendly inline widget end --><\/div>\n<div id=\"frm_field_318_container\" class=\"frm_form_field  frm_html_container form-field\"><iframe\n  src=\"https:\/\/calendly.com\/sflcalendly\/birmingham?hide_event_type_details=1&hide_gdpr_banner=1\"\n  width=\"100%\"\n  height=\"600\"\n  frameborder=\"0\"\n  loading=\"lazy\"><br \/>\n<\/iframe>\n<\/div>\n<div id=\"frm_field_299_container\" class=\"frm_form_field form-field \">\r\n\t<div class=\"frm_submit frm_flex\">\r\n<button class=\"frm_button_submit frm_final_submit\" type=\"submit\"  >Home<\/button>\r\n\r\n\r\n\r\n<\/div>\r\n<\/div>\n\t<input type=\"hidden\" name=\"item_key\" value=\"\" \/>\n\t\t\t<div id=\"frm_field_646_container\">\n\t\t\t<label for=\"field_rjjcp\" >\n\t\t\t\tDac\u0103 sunte\u021bi om, l\u0103sa\u021bi acest c\u00e2mp necompletat.\t\t\t<\/label>\n\t\t\t<input  id=\"field_rjjcp\" type=\"text\" class=\"frm_form_field form-field frm_verify\" name=\"item_meta[646]\" value=\"\"  \/>\n\t\t<\/div>\n\t\t<input name=\"frm_state\" type=\"hidden\" value=\"ayICocQDIdON2uYcsn1eOj1mRe3hBp9LUBwv7hc17C97RRz35RwUUhA6sj\/1dNZh\" \/><\/div>\n<\/fieldset>\n<\/div>\n\n<\/form>\n<\/div>\n\t\t\t\t<\/div>\n\t\t\t\t<\/div>\n\t\t\t\t<\/div>\n\t\t<div class=\"elementor-element elementor-element-dfba53f e-con-full e-flex e-con e-child\" data-id=\"dfba53f\" data-element_type=\"container\" data-settings=\"{&quot;background_background&quot;:&quot;classic&quot;}\">\n\t\t\t\t<\/div>\n\t\t\t\t\t<\/div>\n\t\t\t\t<\/div>\n\t\t\t\t<\/div>\n\t\t","protected":false},"excerpt":{"rendered":"<p>Face\u021bi o programare Acas\u0103 &#8211; Face\u021bi o programare Dac\u0103 ave\u021bi o \u00eentrebare sau ave\u021bi nevoie de ajutor pentru a utiliza serviciile noastre, anun\u021ba\u021bi-ne. Agen\u021bii no\u0219tri sunt rapizi \u0219i instrui\u021bi s\u0103 v\u0103 r\u0103spund\u0103 la \u00eentreb\u0103ri. Booking Form Location wise Select The Location * Select locationThe GherkinLeytonBurnt OakLutonNorthamptonMilton KeynesDorsetGraysIlfordbirmingham Please select a location to view available appointment [&hellip;]<\/p>\n","protected":false},"author":2,"featured_media":0,"parent":0,"menu_order":0,"comment_status":"closed","ping_status":"closed","template":"elementor_header_footer","meta":{"footnotes":""},"class_list":["post-6267","page","type-page","status-publish","hentry"],"_links":{"self":[{"href":"https:\/\/superfinancial.co.uk\/ro\/wp-json\/wp\/v2\/pages\/6267","targetHints":{"allow":["GET"]}}],"collection":[{"href":"https:\/\/superfinancial.co.uk\/ro\/wp-json\/wp\/v2\/pages"}],"about":[{"href":"https:\/\/superfinancial.co.uk\/ro\/wp-json\/wp\/v2\/types\/page"}],"author":[{"embeddable":true,"href":"https:\/\/superfinancial.co.uk\/ro\/wp-json\/wp\/v2\/users\/2"}],"replies":[{"embeddable":true,"href":"https:\/\/superfinancial.co.uk\/ro\/wp-json\/wp\/v2\/comments?post=6267"}],"version-history":[{"count":2,"href":"https:\/\/superfinancial.co.uk\/ro\/wp-json\/wp\/v2\/pages\/6267\/revisions"}],"predecessor-version":[{"id":6453,"href":"https:\/\/superfinancial.co.uk\/ro\/wp-json\/wp\/v2\/pages\/6267\/revisions\/6453"}],"wp:attachment":[{"href":"https:\/\/superfinancial.co.uk\/ro\/wp-json\/wp\/v2\/media?parent=6267"}],"curies":[{"name":"wp","href":"https:\/\/api.w.org\/{rel}","templated":true}]}}