{"id":7593,"date":"2026-03-12T16:15:44","date_gmt":"2026-03-12T16:15:44","guid":{"rendered":"https:\/\/superfinancial.co.uk\/contact-copy\/"},"modified":"2026-03-12T16:41:51","modified_gmt":"2026-03-12T16:41:51","slug":"privacy-policy","status":"publish","type":"page","link":"https:\/\/superfinancial.co.uk\/ro\/privacy-policy\/","title":{"rendered":"Politica de confiden\u021bialitate"},"content":{"rendered":"\t\t<div data-elementor-type=\"wp-page\" data-elementor-id=\"7593\" class=\"elementor elementor-7593 elementor-7589\" data-elementor-post-type=\"page\">\n\t\t\t\t<div class=\"elementor-element elementor-element-f7e0cac e-con-full e-flex e-con e-parent\" data-id=\"f7e0cac\" data-element_type=\"container\" data-settings=\"{&quot;background_background&quot;:&quot;classic&quot;}\">\n\t\t\t\t<div class=\"elementor-element elementor-element-d1a37ac elementor-invisible elementor-widget elementor-widget-heading\" data-id=\"d1a37ac\" data-element_type=\"widget\" data-settings=\"{&quot;_animation&quot;:&quot;fadeInUp&quot;,&quot;_animation_delay&quot;:180}\" data-widget_type=\"heading.default\">\n\t\t\t\t\t<h2 class=\"elementor-heading-title elementor-size-default\">Politica de confiden\u021bialitate<\/h2>\t\t\t\t<\/div>\n\t\t<div class=\"elementor-element elementor-element-f83798d e-flex e-con-boxed e-con e-child\" data-id=\"f83798d\" data-element_type=\"container\">\n\t\t\t\t\t<div class=\"e-con-inner\">\n\t\t\t\t<div class=\"elementor-element elementor-element-23877e1 elementor-widget__width-auto elementor-icon-list--layout-inline elementor-align-center elementor-list-item-link-full_width elementor-widget elementor-widget-icon-list\" data-id=\"23877e1\" data-element_type=\"widget\" data-widget_type=\"icon-list.default\">\n\t\t\t\t\t\t\t<ul class=\"elementor-icon-list-items elementor-inline-items\">\n\t\t\t\t\t\t\t<li class=\"elementor-icon-list-item elementor-inline-item\">\n\t\t\t\t\t\t\t\t\t\t\t<a href=\"https:\/\/superfinancial.co.uk\/ro\/\">\n\n\t\t\t\t\t\t\t\t\t\t\t<span class=\"elementor-icon-list-text\">Acas\u0103<\/span>\n\t\t\t\t\t\t\t\t\t\t\t<\/a>\n\t\t\t\t\t\t\t\t\t<\/li>\n\t\t\t\t\t\t\t\t<li class=\"elementor-icon-list-item elementor-inline-item\">\n\t\t\t\t\t\t\t\t\t\t<span class=\"elementor-icon-list-text\">-<\/span>\n\t\t\t\t\t\t\t\t\t<\/li>\n\t\t\t\t\t\t\t\t<li class=\"elementor-icon-list-item elementor-inline-item\">\n\t\t\t\t\t\t\t\t\t\t<span class=\"elementor-icon-list-text\">Politica de confiden\u021bialitate  <\/span>\n\t\t\t\t\t\t\t\t\t<\/li>\n\t\t\t\t\t\t<\/ul>\n\t\t\t\t\t\t<\/div>\n\t\t\t\t\t<\/div>\n\t\t\t\t<\/div>\n\t\t\t\t<\/div>\n\t\t<div class=\"elementor-element elementor-element-2d0ce02 e-flex e-con-boxed e-con e-parent\" data-id=\"2d0ce02\" data-element_type=\"container\">\n\t\t\t\t\t<div class=\"e-con-inner\">\n\t\t\t\t<div class=\"elementor-element elementor-element-2721c86 elementor-widget elementor-widget-text-editor\" data-id=\"2721c86\" data-element_type=\"widget\" data-widget_type=\"text-editor.default\">\n\t\t\t\t\t\t\t\t\t<h1>1. Introducere<\/h1><p>Super Financial Limited ne angaj\u0103m s\u0103 v\u0103 protej\u0103m \u0219i s\u0103 v\u0103 respect\u0103m confiden\u021bialitatea. Aceast\u0103 politic\u0103 de confiden\u021bialitate explic\u0103 modul \u00een care colect\u0103m, utiliz\u0103m, divulg\u0103m \u0219i protej\u0103m informa\u021biile dumneavoastr\u0103 atunci c\u00e2nd vizita\u021bi site-ul nostru <u>superfinancial.co.uk<\/u> sau apela\u021bi la serviciile noastre. V\u0103 rug\u0103m s\u0103 citi\u021bi cu aten\u021bie aceast\u0103 politic\u0103 pentru a \u00een\u021belege opiniile \u0219i practicile noastre privind datele dvs. personale \u0219i modul \u00een care le vom trata.  <\/p><h1>2. Informa\u021biile pe care le colect\u0103m<\/h1><p>Putem colecta \u0219i prelucra urm\u0103toarele date despre dumneavoastr\u0103:<\/p><ul><li><strong>Informa\u021bii de identificare personal\u0103<\/strong>: Nume, adres\u0103 de e-mail, num\u0103r de telefon \u0219i alte detalii de contact.<\/li><li><strong>Informa\u021bii profesionale<\/strong>: Titlul postului, numele companiei \u0219i sectorul de activitate.<\/li><li><strong>Informa\u021bii financiare<\/strong>: Detalii ale contului bancar, numere de identificare fiscal\u0103 \u0219i alte date financiare necesare pentru furnizarea serviciilor noastre.<\/li><li><strong>Date tehnice<\/strong>: Adresa IP, tipul \u0219i versiunea browserului, setarea fusului orar, tipurile \u0219i versiunile plug-in-urilor browserului, sistemul \u0219i platforma de operare \u0219i alte tehnologii de pe dispozitivele pe care le utiliza\u021bi pentru a accesa acest site web.<\/li><li><strong>Date de utilizare<\/strong>: Informa\u021bii despre modul \u00een care utiliza\u021bi site-ul, produsele \u0219i serviciile noastre.<\/li><li><strong>Date de marketing \u0219i comunicare<\/strong>: Preferin\u021bele dumneavoastr\u0103 \u00een ceea ce prive\u0219te primirea de marketing de la noi \u0219i preferin\u021bele dumneavoastr\u0103 de comunicare.<\/li><\/ul><h1>3. Cum colect\u0103m informa\u021biile<\/h1><p>Utiliz\u0103m diferite metode pentru a colecta date de la dumneavoastr\u0103 \u0219i despre dumneavoastr\u0103, inclusiv:<\/p><ul><li><strong>Interac\u021biuni directe<\/strong>: Ne pute\u021bi furniza datele dvs. cu caracter personal prin completarea unor formulare sau prin coresponden\u021ba cu noi prin po\u0219t\u0103, telefon, e-mail sau \u00een alt mod.<\/li><li><strong>Tehnologii sau interac\u021biuni automatizate<\/strong>: Pe m\u0103sur\u0103 ce interac\u021biona\u021bi cu site-ul nostru, este posibil s\u0103 colect\u0103m \u00een mod automat Date tehnice despre echipamentul, ac\u021biunile de navigare \u0219i modelele dumneavoastr\u0103.<\/li><li><strong>P\u0103r\u021bi ter\u021be sau surse disponibile public<\/strong>: Putem primi date cu caracter personal despre dumneavoastr\u0103 de la diverse p\u0103r\u021bi ter\u021be \u0219i surse publice.<\/li><\/ul><h1>4. Cum folosim informa\u021biile dumneavoastr\u0103<\/h1><p>Vom utiliza datele dumneavoastr\u0103 cu caracter personal numai atunci c\u00e2nd legea ne permite acest lucru. Cel mai frecvent, vom utiliza datele dvs. cu caracter personal \u00een urm\u0103toarele circumstan\u021be: <\/p><ul><li><strong>Pentru a furniza servicii<\/strong>: Prelucrarea datelor dumneavoastr\u0103 este necesar\u0103 pentru executarea unui contract la care sunte\u021bi parte sau pentru a lua m\u0103suri la cererea dumneavoastr\u0103 \u00eenainte de \u00eencheierea unui astfel de contract.<\/li><li><strong>Pentru a gestiona rela\u021bia noastr\u0103 cu dvs<\/strong>: Pentru a v\u0103 notifica cu privire la modific\u0103rile aduse termenilor sau politicii noastre de confiden\u021bialitate \u0219i pentru a v\u0103 solicita s\u0103 l\u0103sa\u021bi un comentariu sau s\u0103 r\u0103spunde\u021bi la un sondaj.<\/li><li><strong>Pentru a administra \u0219i proteja activitatea noastr\u0103 \u0219i acest site web<\/strong>: Inclusiv depanarea, analiza datelor, testarea, \u00eentre\u021binerea sistemului, asisten\u021ba, raportarea \u0219i g\u0103zduirea datelor.<\/li><li><strong>Pentru a v\u0103 furniza con\u021binut relevant pentru site \u0219i reclame<\/strong>: \u0218i pentru a m\u0103sura sau a \u00een\u021belege eficien\u021ba publicit\u0103\u021bii pe care v-o oferim.<\/li><li><strong>Pentru a utiliza analiza datelor<\/strong>: Pentru a ne \u00eembun\u0103t\u0103\u021bi site-ul web, produsele\/serviciile, marketingul, rela\u021biile cu clien\u021bii \u0219i experien\u021bele.<\/li><\/ul><h1>5. Divulgarea informa\u021biilor dumneavoastr\u0103<\/h1><p>Putem partaja datele dumneavoastr\u0103 cu caracter personal cu:<\/p><ul><li><strong>Furnizori de servicii<\/strong>: Ter\u021bi care furnizeaz\u0103 servicii IT \u0219i de administrare a sistemului.<\/li><li><strong>Consilieri profesioni\u0219ti<\/strong>: Inclusiv avoca\u021bi, bancheri, auditori \u0219i asigur\u0103tori care furnizeaz\u0103 servicii de consultan\u021b\u0103, bancare, juridice, de asigur\u0103ri \u0219i contabile.<\/li><li><strong>HM Revenue &amp; Customs, autorit\u0103\u021bile de reglementare \u0219i alte autorit\u0103\u021bi<\/strong>: Care solicit\u0103 raportarea activit\u0103\u021bilor de prelucrare \u00een anumite circumstan\u021be.<\/li><\/ul><p> <\/p>\t\t\t\t\t\t\t\t<\/div>\n\t\t\t\t\t<\/div>\n\t\t\t\t<\/div>\n\t\t\t\t<\/div>\n\t\t","protected":false},"excerpt":{"rendered":"<p>Politica de confiden\u021bialitate Acas\u0103 &#8211; Politica de confiden\u021bialitate 1. Introducere Super Financial Limited ne angaj\u0103m s\u0103 v\u0103 protej\u0103m \u0219i s\u0103 v\u0103 respect\u0103m confiden\u021bialitatea. Aceast\u0103 politic\u0103 de confiden\u021bialitate explic\u0103 modul \u00een care colect\u0103m, utiliz\u0103m, divulg\u0103m \u0219i protej\u0103m informa\u021biile dumneavoastr\u0103 atunci c\u00e2nd vizita\u021bi site-ul nostru superfinancial.co.uk sau apela\u021bi la serviciile noastre. V\u0103 rug\u0103m s\u0103 citi\u021bi cu aten\u021bie [&hellip;]<\/p>\n","protected":false},"author":1,"featured_media":0,"parent":0,"menu_order":0,"comment_status":"closed","ping_status":"closed","template":"elementor_header_footer","meta":{"footnotes":""},"class_list":["post-7593","page","type-page","status-publish","hentry"],"_links":{"self":[{"href":"https:\/\/superfinancial.co.uk\/ro\/wp-json\/wp\/v2\/pages\/7593","targetHints":{"allow":["GET"]}}],"collection":[{"href":"https:\/\/superfinancial.co.uk\/ro\/wp-json\/wp\/v2\/pages"}],"about":[{"href":"https:\/\/superfinancial.co.uk\/ro\/wp-json\/wp\/v2\/types\/page"}],"author":[{"embeddable":true,"href":"https:\/\/superfinancial.co.uk\/ro\/wp-json\/wp\/v2\/users\/1"}],"replies":[{"embeddable":true,"href":"https:\/\/superfinancial.co.uk\/ro\/wp-json\/wp\/v2\/comments?post=7593"}],"version-history":[{"count":9,"href":"https:\/\/superfinancial.co.uk\/ro\/wp-json\/wp\/v2\/pages\/7593\/revisions"}],"predecessor-version":[{"id":7615,"href":"https:\/\/superfinancial.co.uk\/ro\/wp-json\/wp\/v2\/pages\/7593\/revisions\/7615"}],"wp:attachment":[{"href":"https:\/\/superfinancial.co.uk\/ro\/wp-json\/wp\/v2\/media?parent=7593"}],"curies":[{"name":"wp","href":"https:\/\/api.w.org\/{rel}","templated":true}]}}