{"id":7691,"date":"2026-03-24T12:21:52","date_gmt":"2026-03-24T12:21:52","guid":{"rendered":"https:\/\/superfinancial.co.uk\/tax-return-25-26\/"},"modified":"2026-04-02T09:39:14","modified_gmt":"2026-04-02T09:39:14","slug":"tax-return-25-26","status":"publish","type":"page","link":"https:\/\/superfinancial.co.uk\/ro\/calculate-your-tax\/tax-return-25-26\/","title":{"rendered":"Declara\u021bie fiscal\u0103 25-26"},"content":{"rendered":"\t\t<div data-elementor-type=\"wp-page\" data-elementor-id=\"7691\" class=\"elementor elementor-7691 elementor-7659\" data-elementor-post-type=\"page\">\n\t\t\t\t<div class=\"elementor-element elementor-element-4377886 e-con-full e-flex e-con e-parent\" data-id=\"4377886\" data-element_type=\"container\" data-settings=\"{&quot;background_background&quot;:&quot;classic&quot;}\">\n\t\t\t\t<div class=\"elementor-element elementor-element-c4a9d4d elementor-invisible elementor-widget elementor-widget-heading\" data-id=\"c4a9d4d\" data-element_type=\"widget\" data-settings=\"{&quot;_animation&quot;:&quot;fadeInUp&quot;,&quot;_animation_delay&quot;:50}\" data-widget_type=\"heading.default\">\n\t\t\t\t\t<h2 class=\"elementor-heading-title elementor-size-default\">Declara\u021bie fiscal\u0103 25-26<\/h2>\t\t\t\t<\/div>\n\t\t<div class=\"elementor-element elementor-element-8391080 e-flex e-con-boxed elementor-invisible e-con e-child\" data-id=\"8391080\" data-element_type=\"container\" data-settings=\"{&quot;animation&quot;:&quot;fadeInUp&quot;,&quot;animation_delay&quot;:100}\">\n\t\t\t\t\t<div class=\"e-con-inner\">\n\t\t\t\t<div class=\"elementor-element elementor-element-13f692a elementor-widget__width-auto elementor-icon-list--layout-inline elementor-align-center elementor-list-item-link-full_width elementor-widget elementor-widget-icon-list\" data-id=\"13f692a\" data-element_type=\"widget\" data-widget_type=\"icon-list.default\">\n\t\t\t\t\t\t\t<ul class=\"elementor-icon-list-items elementor-inline-items\">\n\t\t\t\t\t\t\t<li class=\"elementor-icon-list-item elementor-inline-item\">\n\t\t\t\t\t\t\t\t\t\t\t<a href=\"https:\/\/superfinancial.co.uk\/ro\/\">\n\n\t\t\t\t\t\t\t\t\t\t\t<span class=\"elementor-icon-list-text\">Acas\u0103<\/span>\n\t\t\t\t\t\t\t\t\t\t\t<\/a>\n\t\t\t\t\t\t\t\t\t<\/li>\n\t\t\t\t\t\t\t\t<li class=\"elementor-icon-list-item elementor-inline-item\">\n\t\t\t\t\t\t\t\t\t\t<span class=\"elementor-icon-list-text\">-<\/span>\n\t\t\t\t\t\t\t\t\t<\/li>\n\t\t\t\t\t\t\t\t<li class=\"elementor-icon-list-item elementor-inline-item\">\n\t\t\t\t\t\t\t\t\t\t<span class=\"elementor-icon-list-text\">Calculator taxe<\/span>\n\t\t\t\t\t\t\t\t\t<\/li>\n\t\t\t\t\t\t<\/ul>\n\t\t\t\t\t\t<\/div>\n\t\t\t\t\t<\/div>\n\t\t\t\t<\/div>\n\t\t\t\t<\/div>\n\t\t<div class=\"elementor-element elementor-element-e80e2b4 e-flex e-con-boxed e-con e-parent\" data-id=\"e80e2b4\" data-element_type=\"container\">\n\t\t\t\t\t<div class=\"e-con-inner\">\n\t\t<div class=\"elementor-element elementor-element-df0643e e-con-full e-flex e-con e-child\" data-id=\"df0643e\" data-element_type=\"container\" data-settings=\"{&quot;background_background&quot;:&quot;classic&quot;}\">\n\t\t\t\t<\/div>\n\t\t<div class=\"elementor-element elementor-element-e23c6c6 e-con-full e-flex e-con e-child\" data-id=\"e23c6c6\" data-element_type=\"container\" data-settings=\"{&quot;background_background&quot;:&quot;classic&quot;}\">\n\t\t\t\t<div class=\"elementor-element elementor-element-9837559 elementor-widget elementor-widget-html\" data-id=\"9837559\" data-element_type=\"widget\" data-widget_type=\"html.default\">\n\t\t\t\t\t<iframe src=\"https:\/\/api.leadconnectorhq.com\/widget\/form\/oshQjockdYrn1UqWWRCV\" style=\"width:100%;height:100%;border:none;border-radius:3px\" id=\"inline-oshQjockdYrn1UqWWRCV\" data-layout=\"{'id':'INLINE'}\" data-trigger-type=\"alwaysShow\" data-trigger-value=\"\" data-activation-type=\"alwaysActivated\" data-activation-value=\"\" data-deactivation-type=\"neverDeactivate\" data-deactivation-value=\"\" data-form-name=\"Live Tax Calculator 25-26 - New Website\" data-height=\"308\" data-layout-iframe-id=\"inline-oshQjockdYrn1UqWWRCV\" data-form-id=\"oshQjockdYrn1UqWWRCV\" title=\"Live Tax Calculator 25-26 - Site web nou\">\r\n<\/iframe>\r\n<script src=\"https:\/\/link.msgsndr.com\/js\/form_embed.js\"><\/script>\t\t\t\t<\/div>\n\t\t\t\t<\/div>\n\t\t\t\t\t<\/div>\n\t\t\t\t<\/div>\n\t\t<div class=\"elementor-element elementor-element-b9591c4 e-flex e-con-boxed e-con e-parent\" data-id=\"b9591c4\" data-element_type=\"container\">\n\t\t\t\t\t<div class=\"e-con-inner\">\n\t\t\t\t<div class=\"elementor-element elementor-element-be25e73 animated-slow elementor-invisible elementor-widget elementor-widget-heading\" data-id=\"be25e73\" data-element_type=\"widget\" data-settings=\"{&quot;_animation&quot;:&quot;fadeInUp&quot;}\" data-widget_type=\"heading.default\">\n\t\t\t\t\t<h2 class=\"elementor-heading-title elementor-size-default\"> <span class=\"highlight\">\u00centreb\u0103ri frecvente<\/span> <\/h2>\t\t\t\t<\/div>\n\t\t\t\t<div class=\"elementor-element elementor-element-5022a57 elementor-widget__width-initial elementor-widget elementor-widget-n-accordion\" data-id=\"5022a57\" data-element_type=\"widget\" data-settings=\"{&quot;default_state&quot;:&quot;expanded&quot;,&quot;max_items_expended&quot;:&quot;one&quot;,&quot;n_accordion_animation_duration&quot;:{&quot;unit&quot;:&quot;ms&quot;,&quot;size&quot;:400,&quot;sizes&quot;:[]}}\" data-widget_type=\"nested-accordion.default\">\n\t\t\t\t\t\t\t<div class=\"e-n-accordion\" aria-label=\"Accordion. Open links with Enter or Space, close with Escape, and navigate with Arrow Keys\">\n\t\t\t\t\t\t<details id=\"e-n-accordion-item-8400\" class=\"e-n-accordion-item\" open>\n\t\t\t\t<summary class=\"e-n-accordion-item-title\" data-accordion-index=\"1\" tabindex=\"0\" aria-expanded=\"true\" aria-controls=\"e-n-accordion-item-8400\" >\n\t\t\t\t\t<span class='e-n-accordion-item-title-header'><div class=\"e-n-accordion-item-title-text\"> Dac\u0103 nu am ob\u021binut venituri, dar am UTR, trebuie s\u0103 depun \u00eenchiderea de an (Declara\u021bia fiscal\u0103)? <\/div><\/span>\n\t\t\t\t\t\t\t<span class='e-n-accordion-item-title-icon'>\n\t\t\t<span class='e-opened' ><svg aria-hidden=\"true\" class=\"e-font-icon-svg e-fas-minus\" viewBox=\"0 0 448 512\" xmlns=\"http:\/\/www.w3.org\/2000\/svg\"><path d=\"M416 208H32c-17.67 0-32 14.33-32 32v32c0 17.67 14.33 32 32 32h384c17.67 0 32-14.33 32-32v-32c0-17.67-14.33-32-32-32z\"><\/path><\/svg><\/span>\n\t\t\t<span class='e-closed'><svg aria-hidden=\"true\" class=\"e-font-icon-svg e-fas-plus\" viewBox=\"0 0 448 512\" xmlns=\"http:\/\/www.w3.org\/2000\/svg\"><path d=\"M416 208H272V64c0-17.67-14.33-32-32-32h-32c-17.67 0-32 14.33-32 32v144H32c-17.67 0-32 14.33-32 32v32c0 17.67 14.33 32 32 32h144v144c0 17.67 14.33 32 32 32h32c17.67 0 32-14.33 32-32V304h144c17.67 0 32-14.33 32-32v-32c0-17.67-14.33-32-32-32z\"><\/path><\/svg><\/span>\n\t\t<\/span>\n\n\t\t\t\t\t\t<\/summary>\n\t\t\t\t<div role=\"region\" aria-labelledby=\"e-n-accordion-item-8400\" class=\"elementor-element elementor-element-97a7fe9 e-con-full e-flex e-con e-child\" data-id=\"97a7fe9\" data-element_type=\"container\">\n\t\t\t\t<div class=\"elementor-element elementor-element-9a373a7 elementor-widget elementor-widget-text-editor\" data-id=\"9a373a7\" data-element_type=\"widget\" data-widget_type=\"text-editor.default\">\n\t\t\t\t\t\t\t\t\t<p>Da. Declara\u021bia fiscal\u0103 trebuie depus\u0103 dac\u0103 sunte\u021bi \u00eenregistrat cu UTR, indiferent dac\u0103 ob\u021bine\u021bi sau nu venituri \u00een timpul anului financiar. <\/p>\t\t\t\t\t\t\t\t<\/div>\n\t\t\t\t<\/div>\n\t\t\t\t\t<\/details>\n\t\t\t\t\t\t<details id=\"e-n-accordion-item-8401\" class=\"e-n-accordion-item\" >\n\t\t\t\t<summary class=\"e-n-accordion-item-title\" data-accordion-index=\"2\" tabindex=\"-1\" aria-expanded=\"false\" aria-controls=\"e-n-accordion-item-8401\" >\n\t\t\t\t\t<span class='e-n-accordion-item-title-header'><div class=\"e-n-accordion-item-title-text\"> Dac\u0103 am lucrat \u00een construc\u021bii \u0219i am ob\u021binut venituri din alte activit\u0103\u021bi pe cont propriu, trebuie s\u0103 depun Declara\u021bia fiscal\u0103? <\/div><\/span>\n\t\t\t\t\t\t\t<span class='e-n-accordion-item-title-icon'>\n\t\t\t<span class='e-opened' ><svg aria-hidden=\"true\" class=\"e-font-icon-svg e-fas-minus\" viewBox=\"0 0 448 512\" xmlns=\"http:\/\/www.w3.org\/2000\/svg\"><path d=\"M416 208H32c-17.67 0-32 14.33-32 32v32c0 17.67 14.33 32 32 32h384c17.67 0 32-14.33 32-32v-32c0-17.67-14.33-32-32-32z\"><\/path><\/svg><\/span>\n\t\t\t<span class='e-closed'><svg aria-hidden=\"true\" class=\"e-font-icon-svg e-fas-plus\" viewBox=\"0 0 448 512\" xmlns=\"http:\/\/www.w3.org\/2000\/svg\"><path d=\"M416 208H272V64c0-17.67-14.33-32-32-32h-32c-17.67 0-32 14.33-32 32v144H32c-17.67 0-32 14.33-32 32v32c0 17.67 14.33 32 32 32h144v144c0 17.67 14.33 32 32 32h32c17.67 0 32-14.33 32-32V304h144c17.67 0 32-14.33 32-32v-32c0-17.67-14.33-32-32-32z\"><\/path><\/svg><\/span>\n\t\t<\/span>\n\n\t\t\t\t\t\t<\/summary>\n\t\t\t\t<div role=\"region\" aria-labelledby=\"e-n-accordion-item-8401\" class=\"elementor-element elementor-element-979660d e-con-full e-flex e-con e-child\" data-id=\"979660d\" data-element_type=\"container\">\n\t\t\t\t<div class=\"elementor-element elementor-element-0b74db6 elementor-widget elementor-widget-text-editor\" data-id=\"0b74db6\" data-element_type=\"widget\" data-widget_type=\"text-editor.default\">\n\t\t\t\t\t\t\t\t\t<p>Da.<\/p>\t\t\t\t\t\t\t\t<\/div>\n\t\t\t\t<\/div>\n\t\t\t\t\t<\/details>\n\t\t\t\t\t\t<details id=\"e-n-accordion-item-8402\" class=\"e-n-accordion-item\" >\n\t\t\t\t<summary class=\"e-n-accordion-item-title\" data-accordion-index=\"3\" tabindex=\"-1\" aria-expanded=\"false\" aria-controls=\"e-n-accordion-item-8402\" >\n\t\t\t\t\t<span class='e-n-accordion-item-title-header'><div class=\"e-n-accordion-item-title-text\"> Dac\u0103 sunt director de companie, trebuie s\u0103 depun \u00eenchiderea de an (Declara\u021bia fiscal\u0103)? <\/div><\/span>\n\t\t\t\t\t\t\t<span class='e-n-accordion-item-title-icon'>\n\t\t\t<span class='e-opened' ><svg aria-hidden=\"true\" class=\"e-font-icon-svg e-fas-minus\" viewBox=\"0 0 448 512\" xmlns=\"http:\/\/www.w3.org\/2000\/svg\"><path d=\"M416 208H32c-17.67 0-32 14.33-32 32v32c0 17.67 14.33 32 32 32h384c17.67 0 32-14.33 32-32v-32c0-17.67-14.33-32-32-32z\"><\/path><\/svg><\/span>\n\t\t\t<span class='e-closed'><svg aria-hidden=\"true\" class=\"e-font-icon-svg e-fas-plus\" viewBox=\"0 0 448 512\" xmlns=\"http:\/\/www.w3.org\/2000\/svg\"><path d=\"M416 208H272V64c0-17.67-14.33-32-32-32h-32c-17.67 0-32 14.33-32 32v144H32c-17.67 0-32 14.33-32 32v32c0 17.67 14.33 32 32 32h144v144c0 17.67 14.33 32 32 32h32c17.67 0 32-14.33 32-32V304h144c17.67 0 32-14.33 32-32v-32c0-17.67-14.33-32-32-32z\"><\/path><\/svg><\/span>\n\t\t<\/span>\n\n\t\t\t\t\t\t<\/summary>\n\t\t\t\t<div role=\"region\" aria-labelledby=\"e-n-accordion-item-8402\" class=\"elementor-element elementor-element-d4c9237 e-con-full e-flex e-con e-child\" data-id=\"d4c9237\" data-element_type=\"container\">\n\t\t\t\t<div class=\"elementor-element elementor-element-e3e9abb elementor-widget elementor-widget-text-editor\" data-id=\"e3e9abb\" data-element_type=\"widget\" data-widget_type=\"text-editor.default\">\n\t\t\t\t\t\t\t\t\t<p>Da. \u00cen calitate de director de companie, ave\u021bi obliga\u021bia de a v\u0103 declara corect \u0219i la timp veniturile din salarii \u0219i dividende. <\/p>\t\t\t\t\t\t\t\t<\/div>\n\t\t\t\t<\/div>\n\t\t\t\t\t<\/details>\n\t\t\t\t\t\t<details id=\"e-n-accordion-item-8403\" class=\"e-n-accordion-item\" >\n\t\t\t\t<summary class=\"e-n-accordion-item-title\" data-accordion-index=\"4\" tabindex=\"-1\" aria-expanded=\"false\" aria-controls=\"e-n-accordion-item-8403\" >\n\t\t\t\t\t<span class='e-n-accordion-item-title-header'><div class=\"e-n-accordion-item-title-text\"> Dac\u0103 am lucrat pentru agen\u021biile de tip \u201eUmbrel\u0103\u201d, trebuie s\u0103 depun \u00eenchiderea de an (Declara\u021bia fiscal\u0103)? <\/div><\/span>\n\t\t\t\t\t\t\t<span class='e-n-accordion-item-title-icon'>\n\t\t\t<span class='e-opened' ><svg aria-hidden=\"true\" class=\"e-font-icon-svg e-fas-minus\" viewBox=\"0 0 448 512\" xmlns=\"http:\/\/www.w3.org\/2000\/svg\"><path d=\"M416 208H32c-17.67 0-32 14.33-32 32v32c0 17.67 14.33 32 32 32h384c17.67 0 32-14.33 32-32v-32c0-17.67-14.33-32-32-32z\"><\/path><\/svg><\/span>\n\t\t\t<span class='e-closed'><svg aria-hidden=\"true\" class=\"e-font-icon-svg e-fas-plus\" viewBox=\"0 0 448 512\" xmlns=\"http:\/\/www.w3.org\/2000\/svg\"><path d=\"M416 208H272V64c0-17.67-14.33-32-32-32h-32c-17.67 0-32 14.33-32 32v144H32c-17.67 0-32 14.33-32 32v32c0 17.67 14.33 32 32 32h144v144c0 17.67 14.33 32 32 32h32c17.67 0 32-14.33 32-32V304h144c17.67 0 32-14.33 32-32v-32c0-17.67-14.33-32-32-32z\"><\/path><\/svg><\/span>\n\t\t<\/span>\n\n\t\t\t\t\t\t<\/summary>\n\t\t\t\t<div role=\"region\" aria-labelledby=\"e-n-accordion-item-8403\" class=\"elementor-element elementor-element-ce01575 e-con-full e-flex e-con e-child\" data-id=\"ce01575\" data-element_type=\"container\">\n\t\t\t\t<div class=\"elementor-element elementor-element-a7b1d65 elementor-widget elementor-widget-text-editor\" data-id=\"a7b1d65\" data-element_type=\"widget\" data-widget_type=\"text-editor.default\">\n\t\t\t\t\t\t\t\t\t<p>Da.<\/p>\t\t\t\t\t\t\t\t<\/div>\n\t\t\t\t<\/div>\n\t\t\t\t\t<\/details>\n\t\t\t\t\t\t<details id=\"e-n-accordion-item-8404\" class=\"e-n-accordion-item\" >\n\t\t\t\t<summary class=\"e-n-accordion-item-title\" data-accordion-index=\"5\" tabindex=\"-1\" aria-expanded=\"false\" aria-controls=\"e-n-accordion-item-8404\" >\n\t\t\t\t\t<span class='e-n-accordion-item-title-header'><div class=\"e-n-accordion-item-title-text\"> Dac\u0103 am fost angajat \u0219i am P60, P45, dar am \u0219i UTR \u0219i nu am ob\u021binut venituri ca persoan\u0103 fizic\u0103 autorizat\u0103, trebuie s\u0103 depun \u00eenchiderea de an (Declara\u021bia fiscal\u0103?) <\/div><\/span>\n\t\t\t\t\t\t\t<span class='e-n-accordion-item-title-icon'>\n\t\t\t<span class='e-opened' ><svg aria-hidden=\"true\" class=\"e-font-icon-svg e-fas-minus\" viewBox=\"0 0 448 512\" xmlns=\"http:\/\/www.w3.org\/2000\/svg\"><path d=\"M416 208H32c-17.67 0-32 14.33-32 32v32c0 17.67 14.33 32 32 32h384c17.67 0 32-14.33 32-32v-32c0-17.67-14.33-32-32-32z\"><\/path><\/svg><\/span>\n\t\t\t<span class='e-closed'><svg aria-hidden=\"true\" class=\"e-font-icon-svg e-fas-plus\" viewBox=\"0 0 448 512\" xmlns=\"http:\/\/www.w3.org\/2000\/svg\"><path d=\"M416 208H272V64c0-17.67-14.33-32-32-32h-32c-17.67 0-32 14.33-32 32v144H32c-17.67 0-32 14.33-32 32v32c0 17.67 14.33 32 32 32h144v144c0 17.67 14.33 32 32 32h32c17.67 0 32-14.33 32-32V304h144c17.67 0 32-14.33 32-32v-32c0-17.67-14.33-32-32-32z\"><\/path><\/svg><\/span>\n\t\t<\/span>\n\n\t\t\t\t\t\t<\/summary>\n\t\t\t\t<div role=\"region\" aria-labelledby=\"e-n-accordion-item-8404\" class=\"elementor-element elementor-element-4ab1241 e-con-full e-flex e-con e-child\" data-id=\"4ab1241\" data-element_type=\"container\">\n\t\t\t\t<div class=\"elementor-element elementor-element-26e3655 elementor-widget elementor-widget-text-editor\" data-id=\"26e3655\" data-element_type=\"widget\" data-widget_type=\"text-editor.default\">\n\t\t\t\t\t\t\t\t\t<p>Da.<\/p>\t\t\t\t\t\t\t\t<\/div>\n\t\t\t\t<\/div>\n\t\t\t\t\t<\/details>\n\t\t\t\t\t\t<details id=\"e-n-accordion-item-8405\" class=\"e-n-accordion-item\" >\n\t\t\t\t<summary class=\"e-n-accordion-item-title\" data-accordion-index=\"6\" tabindex=\"-1\" aria-expanded=\"false\" aria-controls=\"e-n-accordion-item-8405\" >\n\t\t\t\t\t<span class='e-n-accordion-item-title-header'><div class=\"e-n-accordion-item-title-text\"> Dac\u0103 am UTR \u0219i am lucrat tot anul ca angajat, trebuie s\u0103 depun \u00eenchiderea de an (Declara\u021bia fiscal\u0103)? <\/div><\/span>\n\t\t\t\t\t\t\t<span class='e-n-accordion-item-title-icon'>\n\t\t\t<span class='e-opened' ><svg aria-hidden=\"true\" class=\"e-font-icon-svg e-fas-minus\" viewBox=\"0 0 448 512\" xmlns=\"http:\/\/www.w3.org\/2000\/svg\"><path d=\"M416 208H32c-17.67 0-32 14.33-32 32v32c0 17.67 14.33 32 32 32h384c17.67 0 32-14.33 32-32v-32c0-17.67-14.33-32-32-32z\"><\/path><\/svg><\/span>\n\t\t\t<span class='e-closed'><svg aria-hidden=\"true\" class=\"e-font-icon-svg e-fas-plus\" viewBox=\"0 0 448 512\" xmlns=\"http:\/\/www.w3.org\/2000\/svg\"><path d=\"M416 208H272V64c0-17.67-14.33-32-32-32h-32c-17.67 0-32 14.33-32 32v144H32c-17.67 0-32 14.33-32 32v32c0 17.67 14.33 32 32 32h144v144c0 17.67 14.33 32 32 32h32c17.67 0 32-14.33 32-32V304h144c17.67 0 32-14.33 32-32v-32c0-17.67-14.33-32-32-32z\"><\/path><\/svg><\/span>\n\t\t<\/span>\n\n\t\t\t\t\t\t<\/summary>\n\t\t\t\t<div role=\"region\" aria-labelledby=\"e-n-accordion-item-8405\" class=\"elementor-element elementor-element-06ea5e2 e-flex e-con-boxed e-con e-child\" data-id=\"06ea5e2\" data-element_type=\"container\">\n\t\t\t\t\t<div class=\"e-con-inner\">\n\t\t<div role=\"region\" aria-labelledby=\"e-n-accordion-item-8405\" class=\"elementor-element elementor-element-a456a07 e-con-full e-flex e-con e-child\" data-id=\"a456a07\" data-element_type=\"container\">\n\t\t\t\t<div class=\"elementor-element elementor-element-5b87420 elementor-widget elementor-widget-text-editor\" data-id=\"5b87420\" data-element_type=\"widget\" data-widget_type=\"text-editor.default\">\n\t\t\t\t\t\t\t\t\t<p>Dac\u0103 ave\u021bi un UTR, dar nu a\u021bi anun\u021bat \u00een prealabil c\u0103 nu mai lucra\u021bi ca persoan\u0103 fizic\u0103 autorizat\u0103, trebuie s\u0103 depune\u021bi declara\u021bia pentru sf\u00e2r\u0219itul anului.<\/p>\t\t\t\t\t\t\t\t<\/div>\n\t\t\t\t<\/div>\n\t\t\t\t\t<\/div>\n\t\t\t\t<\/div>\n\t\t\t\t\t<\/details>\n\t\t\t\t\t\t<details id=\"e-n-accordion-item-8406\" class=\"e-n-accordion-item\" >\n\t\t\t\t<summary class=\"e-n-accordion-item-title\" data-accordion-index=\"7\" tabindex=\"-1\" aria-expanded=\"false\" aria-controls=\"e-n-accordion-item-8406\" >\n\t\t\t\t\t<span class='e-n-accordion-item-title-header'><div class=\"e-n-accordion-item-title-text\"> Nu am UTR, lucrez doar ca angajat \u0219i primesc flutura\u0219i de salariu. Trebuie s\u0103 depun declara\u021bii de sf\u00e2r\u0219it de an?  <\/div><\/span>\n\t\t\t\t\t\t\t<span class='e-n-accordion-item-title-icon'>\n\t\t\t<span class='e-opened' ><svg aria-hidden=\"true\" class=\"e-font-icon-svg e-fas-minus\" viewBox=\"0 0 448 512\" xmlns=\"http:\/\/www.w3.org\/2000\/svg\"><path d=\"M416 208H32c-17.67 0-32 14.33-32 32v32c0 17.67 14.33 32 32 32h384c17.67 0 32-14.33 32-32v-32c0-17.67-14.33-32-32-32z\"><\/path><\/svg><\/span>\n\t\t\t<span class='e-closed'><svg aria-hidden=\"true\" class=\"e-font-icon-svg e-fas-plus\" viewBox=\"0 0 448 512\" xmlns=\"http:\/\/www.w3.org\/2000\/svg\"><path d=\"M416 208H272V64c0-17.67-14.33-32-32-32h-32c-17.67 0-32 14.33-32 32v144H32c-17.67 0-32 14.33-32 32v32c0 17.67 14.33 32 32 32h144v144c0 17.67 14.33 32 32 32h32c17.67 0 32-14.33 32-32V304h144c17.67 0 32-14.33 32-32v-32c0-17.67-14.33-32-32-32z\"><\/path><\/svg><\/span>\n\t\t<\/span>\n\n\t\t\t\t\t\t<\/summary>\n\t\t\t\t<div role=\"region\" aria-labelledby=\"e-n-accordion-item-8406\" class=\"elementor-element elementor-element-957e548 e-flex e-con-boxed e-con e-child\" data-id=\"957e548\" data-element_type=\"container\">\n\t\t\t\t\t<div class=\"e-con-inner\">\n\t\t<div role=\"region\" aria-labelledby=\"e-n-accordion-item-8406\" class=\"elementor-element elementor-element-ff34d76 e-con-full e-flex e-con e-child\" data-id=\"ff34d76\" data-element_type=\"container\">\n\t\t\t\t<div class=\"elementor-element elementor-element-9b81ff9 elementor-widget elementor-widget-text-editor\" data-id=\"9b81ff9\" data-element_type=\"widget\" data-widget_type=\"text-editor.default\">\n\t\t\t\t\t\t\t\t\t<p>Nu. Verifica\u021bi doar dac\u0103 v\u0103 pute\u021bi califica pentru rambursarea taxelor. <\/p>\t\t\t\t\t\t\t\t<\/div>\n\t\t\t\t<\/div>\n\t\t\t\t\t<\/div>\n\t\t\t\t<\/div>\n\t\t\t\t\t<\/details>\n\t\t\t\t\t<\/div>\n\t\t\t\t\t<script type=\"application\/ld+json\">{\"@context\":\"https:\\\/\\\/schema.org\",\"@type\":\"FAQPage\",\"mainEntity\":[{\"@type\":\"Question\",\"name\":\"Dac\\u0103 nu am ob\\u021binut venituri, dar am UTR, trebuie s\\u0103 depun \\u00eenchiderea de an (Declara\\u021bia fiscal\\u0103)?\",\"acceptedAnswer\":{\"@type\":\"Answer\",\"text\":\"Da. Declara\\u021bia fiscal\\u0103 trebuie depus\\u0103 dac\\u0103 sunte\\u021bi \\u00eenregistrat cu UTR, indiferent dac\\u0103 ob\\u021bine\\u021bi sau nu venituri \\u00een timpul anului financiar.\"}},{\"@type\":\"Question\",\"name\":\"Dac\\u0103 am lucrat \\u00een construc\\u021bii \\u0219i am ob\\u021binut venituri din alte activit\\u0103\\u021bi pe cont propriu, trebuie s\\u0103 depun Declara\\u021bia fiscal\\u0103?\",\"acceptedAnswer\":{\"@type\":\"Answer\",\"text\":\"Da.\"}},{\"@type\":\"Question\",\"name\":\"Dac\\u0103 sunt director de companie, trebuie s\\u0103 depun \\u00eenchiderea de an (Declara\\u021bia fiscal\\u0103)?\",\"acceptedAnswer\":{\"@type\":\"Answer\",\"text\":\"Da. \\u00cen calitate de director de companie, ave\\u021bi obliga\\u021bia de a v\\u0103 declara corect \\u0219i la timp veniturile din salarii \\u0219i dividende.\"}},{\"@type\":\"Question\",\"name\":\"Dac\\u0103 am lucrat pentru agen\\u021biile de tip \\u201eUmbrel\\u0103\\u201d, trebuie s\\u0103 depun \\u00eenchiderea de an (Declara\\u021bia fiscal\\u0103)?\",\"acceptedAnswer\":{\"@type\":\"Answer\",\"text\":\"Da.\"}},{\"@type\":\"Question\",\"name\":\"Dac\\u0103 am fost angajat \\u0219i am P60, P45, dar am \\u0219i UTR \\u0219i nu am ob\\u021binut venituri ca persoan\\u0103 fizic\\u0103 autorizat\\u0103, trebuie s\\u0103 depun \\u00eenchiderea de an (Declara\\u021bia fiscal\\u0103?)\",\"acceptedAnswer\":{\"@type\":\"Answer\",\"text\":\"Da.\"}},{\"@type\":\"Question\",\"name\":\"Dac\\u0103 am UTR \\u0219i am lucrat tot anul ca angajat, trebuie s\\u0103 depun \\u00eenchiderea de an (Declara\\u021bia fiscal\\u0103)?\",\"acceptedAnswer\":{\"@type\":\"Answer\",\"text\":\"Dac\\u0103 ave\\u021bi un UTR, dar nu a\\u021bi anun\\u021bat \\u00een prealabil c\\u0103 nu mai lucra\\u021bi ca persoan\\u0103 fizic\\u0103 autorizat\\u0103, trebuie s\\u0103 depune\\u021bi declara\\u021bia pentru sf\\u00e2r\\u0219itul anului.\"}},{\"@type\":\"Question\",\"name\":\"Nu am UTR, lucrez doar ca angajat \\u0219i primesc flutura\\u0219i de salariu. Trebuie s\\u0103 depun declara\\u021bii de sf\\u00e2r\\u0219it de an?\",\"acceptedAnswer\":{\"@type\":\"Answer\",\"text\":\"Nu. Verifica\\u021bi doar dac\\u0103 v\\u0103 pute\\u021bi califica pentru rambursarea taxelor.\"}}]}<\/script>\n\t\t\t\t\t\t\t<\/div>\n\t\t\t\t\t<\/div>\n\t\t\t\t<\/div>\n\t\t\t\t<\/div>\n\t\t","protected":false},"excerpt":{"rendered":"<p>Acas\u0103 &#8211; Calculator taxe \u00centreb\u0103ri frecvente Dac\u0103 nu am ob\u021binut venituri, dar am UTR, trebuie s\u0103 depun \u00eenchiderea de an (Declara\u021bia fiscal\u0103)? Da. Declara\u021bia fiscal\u0103 trebuie depus\u0103 dac\u0103 sunte\u021bi \u00eenregistrat cu UTR, indiferent dac\u0103 ob\u021bine\u021bi sau nu venituri \u00een timpul anului financiar. Dac\u0103 am lucrat \u00een construc\u021bii \u0219i am ob\u021binut venituri din alte activit\u0103\u021bi pe [&hellip;]<\/p>\n","protected":false},"author":2,"featured_media":0,"parent":6269,"menu_order":0,"comment_status":"closed","ping_status":"closed","template":"","meta":{"footnotes":""},"class_list":["post-7691","page","type-page","status-publish","hentry"],"_links":{"self":[{"href":"https:\/\/superfinancial.co.uk\/ro\/wp-json\/wp\/v2\/pages\/7691","targetHints":{"allow":["GET"]}}],"collection":[{"href":"https:\/\/superfinancial.co.uk\/ro\/wp-json\/wp\/v2\/pages"}],"about":[{"href":"https:\/\/superfinancial.co.uk\/ro\/wp-json\/wp\/v2\/types\/page"}],"author":[{"embeddable":true,"href":"https:\/\/superfinancial.co.uk\/ro\/wp-json\/wp\/v2\/users\/2"}],"replies":[{"embeddable":true,"href":"https:\/\/superfinancial.co.uk\/ro\/wp-json\/wp\/v2\/comments?post=7691"}],"version-history":[{"count":6,"href":"https:\/\/superfinancial.co.uk\/ro\/wp-json\/wp\/v2\/pages\/7691\/revisions"}],"predecessor-version":[{"id":7829,"href":"https:\/\/superfinancial.co.uk\/ro\/wp-json\/wp\/v2\/pages\/7691\/revisions\/7829"}],"up":[{"embeddable":true,"href":"https:\/\/superfinancial.co.uk\/ro\/wp-json\/wp\/v2\/pages\/6269"}],"wp:attachment":[{"href":"https:\/\/superfinancial.co.uk\/ro\/wp-json\/wp\/v2\/media?parent=7691"}],"curies":[{"name":"wp","href":"https:\/\/api.w.org\/{rel}","templated":true}]}}